{"id":228,"date":"2022-03-01T08:23:51","date_gmt":"2022-03-01T07:23:51","guid":{"rendered":"https:\/\/avenir-formation.fr\/accueil\/?page_id=228"},"modified":"2025-01-17T10:46:46","modified_gmt":"2025-01-17T09:46:46","slug":"nos-ressources","status":"publish","type":"page","link":"https:\/\/avenir-formation.fr\/accueil\/nos-ressources\/","title":{"rendered":"Nos ressources"},"content":{"rendered":"<style>.kb-row-layout-id228_97e8f5-51 > .kt-row-column-wrap{align-content:start;}:where(.kb-row-layout-id228_97e8f5-51 > .kt-row-column-wrap) > .wp-block-kadence-column{justify-content:start;}.kb-row-layout-id228_97e8f5-51 > .kt-row-column-wrap{column-gap:var(--global-kb-gap-md, 2rem);row-gap:var(--global-kb-gap-md, 2rem);padding-top:var(--global-kb-spacing-sm, 1.5rem);padding-bottom:var(--global-kb-spacing-sm, 1.5rem);grid-template-columns:repeat(2, minmax(0, 1fr));}.kb-row-layout-id228_97e8f5-51 > .kt-row-layout-overlay{opacity:0.30;}@media all and (max-width: 1024px){.kb-row-layout-id228_97e8f5-51 > .kt-row-column-wrap{grid-template-columns:repeat(2, minmax(0, 1fr));}}@media all and (max-width: 767px){.kb-row-layout-id228_97e8f5-51 > .kt-row-column-wrap{grid-template-columns:minmax(0, 1fr);}}<\/style><div class=\"kb-row-layout-wrap kb-row-layout-id228_97e8f5-51 alignnone wp-block-kadence-rowlayout\"><div class=\"kt-row-column-wrap kt-has-2-columns kt-row-layout-equal kt-tab-layout-inherit kt-mobile-layout-row kt-row-valign-top\">\n<style>.kadence-column228_d0c3cb-d9 > .kt-inside-inner-col,.kadence-column228_d0c3cb-d9 > .kt-inside-inner-col:before{border-top-left-radius:0px;border-top-right-radius:0px;border-bottom-right-radius:0px;border-bottom-left-radius:0px;}.kadence-column228_d0c3cb-d9 > .kt-inside-inner-col{column-gap:var(--global-kb-gap-sm, 1rem);}.kadence-column228_d0c3cb-d9 > .kt-inside-inner-col{flex-direction:column;}.kadence-column228_d0c3cb-d9 > .kt-inside-inner-col > .aligncenter{width:100%;}.kadence-column228_d0c3cb-d9 > .kt-inside-inner-col:before{opacity:0.3;}.kadence-column228_d0c3cb-d9{position:relative;}@media all and (max-width: 1024px){.kadence-column228_d0c3cb-d9 > .kt-inside-inner-col{flex-direction:column;justify-content:center;}}@media all and (max-width: 767px){.kadence-column228_d0c3cb-d9 > .kt-inside-inner-col{flex-direction:column;justify-content:center;}}<\/style>\n<div class=\"wp-block-kadence-column kadence-column228_d0c3cb-d9 inner-column-1\"><div class=\"kt-inside-inner-col\"><style>.wp-block-kadence-advancedheading.kt-adv-heading228_3873b4-3d, .wp-block-kadence-advancedheading.kt-adv-heading228_3873b4-3d[data-kb-block=\"kb-adv-heading228_3873b4-3d\"]{font-style:normal;}.wp-block-kadence-advancedheading.kt-adv-heading228_3873b4-3d mark.kt-highlight, .wp-block-kadence-advancedheading.kt-adv-heading228_3873b4-3d[data-kb-block=\"kb-adv-heading228_3873b4-3d\"] mark.kt-highlight{font-style:normal;color:#f76a0c;-webkit-box-decoration-break:clone;box-decoration-break:clone;padding-top:0px;padding-right:0px;padding-bottom:0px;padding-left:0px;}.wp-block-kadence-advancedheading.kt-adv-heading228_3873b4-3d img.kb-inline-image, .wp-block-kadence-advancedheading.kt-adv-heading228_3873b4-3d[data-kb-block=\"kb-adv-heading228_3873b4-3d\"] img.kb-inline-image{width:150px;vertical-align:baseline;}<\/style>\n<h2 class=\"kt-adv-heading228_3873b4-3d wp-block-kadence-advancedheading has-theme-palette-2-color has-text-color\" data-kb-block=\"kb-adv-heading228_3873b4-3d\">Une \u00e9quipe permanente pour vous accompagner<\/h2>\n\n\n<style>.wp-block-kadence-iconlist.kt-svg-icon-list-items228_1a6ea6-a7:not(.this-stops-third-party-issues){margin-top:0px;margin-bottom:0px;}.wp-block-kadence-iconlist.kt-svg-icon-list-items228_1a6ea6-a7 ul.kt-svg-icon-list:not(.this-prevents-issues):not(.this-stops-third-party-issues):not(.tijsloc){margin-top:0px;margin-right:0px;margin-bottom:10px;margin-left:0px;}.wp-block-kadence-iconlist.kt-svg-icon-list-items228_1a6ea6-a7 ul.kt-svg-icon-list{grid-row-gap:5px;}.wp-block-kadence-iconlist.kt-svg-icon-list-items228_1a6ea6-a7 ul.kt-svg-icon-list .kt-svg-icon-list-item-wrap .kt-svg-icon-list-single{margin-right:10px;}<\/style>\n<div class=\"wp-block-kadence-iconlist kt-svg-icon-list-items kt-svg-icon-list-items228_1a6ea6-a7 kt-svg-icon-list-columns-1 alignnone\"><ul class=\"kt-svg-icon-list\"><style>.kt-svg-icon-list-item-228_d47569-ff .kt-svg-icon-list-single{font-size:20px !important;}.kt-svg-icon-list-item-228_d47569-ff .kt-svg-icon-list-text mark.kt-highlight{background-color:unset;font-style:normal;color:#f76a0c;-webkit-box-decoration-break:clone;box-decoration-break:clone;padding-top:0px;padding-right:0px;padding-bottom:0px;padding-left:0px;}<\/style>\n<li class=\"wp-block-kadence-listitem kt-svg-icon-list-item-wrap kt-svg-icon-list-item-228_d47569-ff kt-svg-icon-list-style-default\"><span class=\"kb-svg-icon-wrap kb-svg-icon-fe_checkCircle kt-svg-icon-list-single\"><svg viewBox=\"0 0 24 24\"  fill=\"none\" stroke=\"currentColor\" stroke-width=\"2\" stroke-linecap=\"round\" stroke-linejoin=\"round\" xmlns=\"http:\/\/www.w3.org\/2000\/svg\"  aria-hidden=\"true\"><path d=\"M22 11.08V12a10 10 0 1 1-5.93-9.14\"\/><polyline points=\"22 4 12 14.01 9 11.01\"\/><\/svg><\/span><span class=\"kt-svg-icon-list-text\">Des formatrices p\u00e9dagogues confirm\u00e9es, conceptrices de nos programmes au plus pr\u00e8s des besoins des salari\u00e9s des structures d&rsquo;insertion.<\/span><\/li>\n\n\n<style>.kt-svg-icon-list-item-228_1c8341-44 .kt-svg-icon-list-single{font-size:20px !important;}.kt-svg-icon-list-item-228_1c8341-44 .kt-svg-icon-list-text mark.kt-highlight{background-color:unset;font-style:normal;color:#f76a0c;-webkit-box-decoration-break:clone;box-decoration-break:clone;padding-top:0px;padding-right:0px;padding-bottom:0px;padding-left:0px;}<\/style>\n<li class=\"wp-block-kadence-listitem kt-svg-icon-list-item-wrap kt-svg-icon-list-item-228_1c8341-44 kt-svg-icon-list-style-default\"><span class=\"kb-svg-icon-wrap kb-svg-icon-fe_checkCircle kt-svg-icon-list-single\"><svg viewBox=\"0 0 24 24\"  fill=\"none\" stroke=\"currentColor\" stroke-width=\"2\" stroke-linecap=\"round\" stroke-linejoin=\"round\" xmlns=\"http:\/\/www.w3.org\/2000\/svg\"  aria-hidden=\"true\"><path d=\"M22 11.08V12a10 10 0 1 1-5.93-9.14\"\/><polyline points=\"22 4 12 14.01 9 11.01\"\/><\/svg><\/span><span class=\"kt-svg-icon-list-text\">Une assistante formation, r\u00e9f\u00e9rente qualit\u00e9 et handicap.<\/span><\/li>\n\n\n<style>.kt-svg-icon-list-item-228_4f98b7-cf .kt-svg-icon-list-single{font-size:20px !important;}.kt-svg-icon-list-item-228_4f98b7-cf .kt-svg-icon-list-text mark.kt-highlight{background-color:unset;font-style:normal;color:#f76a0c;-webkit-box-decoration-break:clone;box-decoration-break:clone;padding-top:0px;padding-right:0px;padding-bottom:0px;padding-left:0px;}<\/style>\n<li class=\"wp-block-kadence-listitem kt-svg-icon-list-item-wrap kt-svg-icon-list-item-228_4f98b7-cf kt-svg-icon-list-style-default\"><span class=\"kb-svg-icon-wrap kb-svg-icon-fe_checkCircle kt-svg-icon-list-single\"><svg viewBox=\"0 0 24 24\"  fill=\"none\" stroke=\"currentColor\" stroke-width=\"2\" stroke-linecap=\"round\" stroke-linejoin=\"round\" xmlns=\"http:\/\/www.w3.org\/2000\/svg\"  aria-hidden=\"true\"><path d=\"M22 11.08V12a10 10 0 1 1-5.93-9.14\"\/><polyline points=\"22 4 12 14.01 9 11.01\"\/><\/svg><\/span><span class=\"kt-svg-icon-list-text\">Une \u00e9quipe qui s&rsquo;inscrit dans une d\u00e9marche d&rsquo;am\u00e9lioration continue de l&rsquo;offre de formation.<\/span><\/li>\n<\/ul><\/div>\n\n\n\n<p><\/p>\n<\/div><\/div>\n\n\n<style>.kadence-column228_ecc01d-f5 > .kt-inside-inner-col,.kadence-column228_ecc01d-f5 > .kt-inside-inner-col:before{border-top-left-radius:0px;border-top-right-radius:0px;border-bottom-right-radius:0px;border-bottom-left-radius:0px;}.kadence-column228_ecc01d-f5 > .kt-inside-inner-col{column-gap:var(--global-kb-gap-sm, 1rem);}.kadence-column228_ecc01d-f5 > .kt-inside-inner-col{flex-direction:column;}.kadence-column228_ecc01d-f5 > .kt-inside-inner-col > .aligncenter{width:100%;}.kadence-column228_ecc01d-f5 > .kt-inside-inner-col:before{opacity:0.3;}.kadence-column228_ecc01d-f5{position:relative;}@media all and (max-width: 1024px){.kadence-column228_ecc01d-f5 > .kt-inside-inner-col{flex-direction:column;justify-content:center;}}@media all and (max-width: 767px){.kadence-column228_ecc01d-f5 > .kt-inside-inner-col{flex-direction:column;justify-content:center;}}<\/style>\n<div class=\"wp-block-kadence-column kadence-column228_ecc01d-f5 inner-column-2\"><div class=\"kt-inside-inner-col\"><style>.wp-block-kadence-advancedheading.kt-adv-heading228_988348-3f, .wp-block-kadence-advancedheading.kt-adv-heading228_988348-3f[data-kb-block=\"kb-adv-heading228_988348-3f\"]{font-style:normal;}.wp-block-kadence-advancedheading.kt-adv-heading228_988348-3f mark.kt-highlight, .wp-block-kadence-advancedheading.kt-adv-heading228_988348-3f[data-kb-block=\"kb-adv-heading228_988348-3f\"] mark.kt-highlight{font-style:normal;color:#f76a0c;-webkit-box-decoration-break:clone;box-decoration-break:clone;padding-top:0px;padding-right:0px;padding-bottom:0px;padding-left:0px;}.wp-block-kadence-advancedheading.kt-adv-heading228_988348-3f img.kb-inline-image, .wp-block-kadence-advancedheading.kt-adv-heading228_988348-3f[data-kb-block=\"kb-adv-heading228_988348-3f\"] img.kb-inline-image{width:150px;vertical-align:baseline;}<\/style>\n<h2 class=\"kt-adv-heading228_988348-3f wp-block-kadence-advancedheading has-theme-palette-2-color has-text-color\" data-kb-block=\"kb-adv-heading228_988348-3f\">Des moyens mat\u00e9riels d\u00e9di\u00e9s aux actions de formation<\/h2>\n\n\n<style>.wp-block-kadence-iconlist.kt-svg-icon-list-items228_d97325-1c:not(.this-stops-third-party-issues){margin-top:0px;margin-bottom:0px;}.wp-block-kadence-iconlist.kt-svg-icon-list-items228_d97325-1c ul.kt-svg-icon-list:not(.this-prevents-issues):not(.this-stops-third-party-issues):not(.tijsloc){margin-top:0px;margin-right:0px;margin-bottom:10px;margin-left:0px;}.wp-block-kadence-iconlist.kt-svg-icon-list-items228_d97325-1c ul.kt-svg-icon-list{grid-row-gap:5px;}.wp-block-kadence-iconlist.kt-svg-icon-list-items228_d97325-1c ul.kt-svg-icon-list .kt-svg-icon-list-item-wrap .kt-svg-icon-list-single{margin-right:10px;}<\/style>\n<div class=\"wp-block-kadence-iconlist kt-svg-icon-list-items kt-svg-icon-list-items228_d97325-1c kt-svg-icon-list-columns-1 alignnone\"><ul class=\"kt-svg-icon-list\"><style>.kt-svg-icon-list-item-228_3a24a0-2b .kt-svg-icon-list-single{font-size:20px !important;}.kt-svg-icon-list-item-228_3a24a0-2b .kt-svg-icon-list-text mark.kt-highlight{background-color:unset;font-style:normal;color:#f76a0c;-webkit-box-decoration-break:clone;box-decoration-break:clone;padding-top:0px;padding-right:0px;padding-bottom:0px;padding-left:0px;}<\/style>\n<li class=\"wp-block-kadence-listitem kt-svg-icon-list-item-wrap kt-svg-icon-list-item-228_3a24a0-2b kt-svg-icon-list-style-default\"><span class=\"kb-svg-icon-wrap kb-svg-icon-fe_checkCircle kt-svg-icon-list-single\"><svg viewBox=\"0 0 24 24\"  fill=\"none\" stroke=\"currentColor\" stroke-width=\"2\" stroke-linecap=\"round\" stroke-linejoin=\"round\" xmlns=\"http:\/\/www.w3.org\/2000\/svg\"  aria-hidden=\"true\"><path d=\"M22 11.08V12a10 10 0 1 1-5.93-9.14\"\/><polyline points=\"22 4 12 14.01 9 11.01\"\/><\/svg><\/span><span class=\"kt-svg-icon-list-text\">Une salle de formation d&rsquo;une capacit\u00e9 d&rsquo;accueil de 20 personnes. <\/span><\/li>\n\n\n<style>.kt-svg-icon-list-item-228_4b7fcd-0e .kt-svg-icon-list-single{font-size:20px !important;}.kt-svg-icon-list-item-228_4b7fcd-0e .kt-svg-icon-list-text mark.kt-highlight{background-color:unset;font-style:normal;color:#f76a0c;-webkit-box-decoration-break:clone;box-decoration-break:clone;padding-top:0px;padding-right:0px;padding-bottom:0px;padding-left:0px;}<\/style>\n<li class=\"wp-block-kadence-listitem kt-svg-icon-list-item-wrap kt-svg-icon-list-item-228_4b7fcd-0e kt-svg-icon-list-style-default\"><span class=\"kb-svg-icon-wrap kb-svg-icon-fe_checkCircle kt-svg-icon-list-single\"><svg viewBox=\"0 0 24 24\"  fill=\"none\" stroke=\"currentColor\" stroke-width=\"2\" stroke-linecap=\"round\" stroke-linejoin=\"round\" xmlns=\"http:\/\/www.w3.org\/2000\/svg\"  aria-hidden=\"true\"><path d=\"M22 11.08V12a10 10 0 1 1-5.93-9.14\"\/><polyline points=\"22 4 12 14.01 9 11.01\"\/><\/svg><\/span><span class=\"kt-svg-icon-list-text\">Deux salles de formation d&rsquo;une capacit\u00e9 de 12 places <\/span><\/li>\n\n\n<style>.kt-svg-icon-list-item-228_24a396-57 .kt-svg-icon-list-text mark.kt-highlight{background-color:unset;font-style:normal;color:#f76a0c;-webkit-box-decoration-break:clone;box-decoration-break:clone;padding-top:0px;padding-right:0px;padding-bottom:0px;padding-left:0px;}<\/style>\n<li class=\"wp-block-kadence-listitem kt-svg-icon-list-item-wrap kt-svg-icon-list-item-228_24a396-57\"><span class=\"kb-svg-icon-wrap kb-svg-icon-fe_checkCircle kt-svg-icon-list-single\"><svg viewBox=\"0 0 24 24\"  fill=\"none\" stroke=\"currentColor\" stroke-width=\"2\" stroke-linecap=\"round\" stroke-linejoin=\"round\" xmlns=\"http:\/\/www.w3.org\/2000\/svg\"  aria-hidden=\"true\"><path d=\"M22 11.08V12a10 10 0 1 1-5.93-9.14\"\/><polyline points=\"22 4 12 14.01 9 11.01\"\/><\/svg><\/span><span class=\"kt-svg-icon-list-text\">Une salle de r\u00e9union d&rsquo;une capacit\u00e9 de 10 places<\/span><\/li>\n\n\n<style>.kt-svg-icon-list-item-228_d18824-c4 .kt-svg-icon-list-text mark.kt-highlight{background-color:unset;font-style:normal;color:#f76a0c;-webkit-box-decoration-break:clone;box-decoration-break:clone;padding-top:0px;padding-right:0px;padding-bottom:0px;padding-left:0px;}<\/style>\n<li class=\"wp-block-kadence-listitem kt-svg-icon-list-item-wrap kt-svg-icon-list-item-228_d18824-c4\"><span class=\"kb-svg-icon-wrap kb-svg-icon-fe_checkCircle kt-svg-icon-list-single\"><svg viewBox=\"0 0 24 24\"  fill=\"none\" stroke=\"currentColor\" stroke-width=\"2\" stroke-linecap=\"round\" stroke-linejoin=\"round\" xmlns=\"http:\/\/www.w3.org\/2000\/svg\"  aria-hidden=\"true\"><path d=\"M22 11.08V12a10 10 0 1 1-5.93-9.14\"\/><polyline points=\"22 4 12 14.01 9 11.01\"\/><\/svg><\/span><span class=\"kt-svg-icon-list-text\">Trois \u00e9crans interactifs <\/span><\/li>\n\n\n<style>.kt-svg-icon-list-item-228_6b05fa-f1 .kt-svg-icon-list-single{font-size:20px !important;}.kt-svg-icon-list-item-228_6b05fa-f1 .kt-svg-icon-list-text mark.kt-highlight{background-color:unset;font-style:normal;color:#f76a0c;-webkit-box-decoration-break:clone;box-decoration-break:clone;padding-top:0px;padding-right:0px;padding-bottom:0px;padding-left:0px;}<\/style>\n<li class=\"wp-block-kadence-listitem kt-svg-icon-list-item-wrap kt-svg-icon-list-item-228_6b05fa-f1 kt-svg-icon-list-style-default\"><span class=\"kb-svg-icon-wrap kb-svg-icon-fe_checkCircle kt-svg-icon-list-single\"><svg viewBox=\"0 0 24 24\"  fill=\"none\" stroke=\"currentColor\" stroke-width=\"2\" stroke-linecap=\"round\" stroke-linejoin=\"round\" xmlns=\"http:\/\/www.w3.org\/2000\/svg\"  aria-hidden=\"true\"><path d=\"M22 11.08V12a10 10 0 1 1-5.93-9.14\"\/><polyline points=\"22 4 12 14.01 9 11.01\"\/><\/svg><\/span><span class=\"kt-svg-icon-list-text\">Ordinateur et vid\u00e9oprojecteur.<\/span><\/li>\n\n\n<style>.kt-svg-icon-list-item-228_f1e9d0-f3 .kt-svg-icon-list-single{font-size:20px !important;}.kt-svg-icon-list-item-228_f1e9d0-f3 .kt-svg-icon-list-text mark.kt-highlight{background-color:unset;font-style:normal;color:#f76a0c;-webkit-box-decoration-break:clone;box-decoration-break:clone;padding-top:0px;padding-right:0px;padding-bottom:0px;padding-left:0px;}<\/style>\n<li class=\"wp-block-kadence-listitem kt-svg-icon-list-item-wrap kt-svg-icon-list-item-228_f1e9d0-f3 kt-svg-icon-list-style-default\"><span class=\"kb-svg-icon-wrap kb-svg-icon-fe_checkCircle kt-svg-icon-list-single\"><svg viewBox=\"0 0 24 24\"  fill=\"none\" stroke=\"currentColor\" stroke-width=\"2\" stroke-linecap=\"round\" stroke-linejoin=\"round\" xmlns=\"http:\/\/www.w3.org\/2000\/svg\"  aria-hidden=\"true\"><path d=\"M22 11.08V12a10 10 0 1 1-5.93-9.14\"\/><polyline points=\"22 4 12 14.01 9 11.01\"\/><\/svg><\/span><span class=\"kt-svg-icon-list-text\">Tablettes pour les stagiaires en cas de besoin.<\/span><\/li>\n<\/ul><\/div>\n<\/div><\/div>\n\n<\/div><\/div>\n\n<style>.wp-block-kadence-advancedbtn.kb-btns228_bba9d7-52{gap:var(--global-kb-gap-xs, 0.5rem );justify-content:flex-end;align-items:center;}.kt-btns228_bba9d7-52 .kt-button{font-weight:normal;font-style:normal;}<\/style>\n<div class=\"wp-block-kadence-advancedbtn kb-buttons-wrap kb-btns228_bba9d7-52\"><style>ul.menu .wp-block-kadence-advancedbtn .kb-btn228_c7556c-3f.kb-button{width:initial;}.kb-btn228_c7556c-3f.kb-button .kb-svg-icon-wrap{font-size:30px;--kb-button-icon-size:30px;}<\/style><a class=\"kb-button kt-button button kb-btn228_c7556c-3f kt-btn-size-small kt-btn-width-type-auto kb-btn-global-inherit  kt-btn-has-text-true kt-btn-has-svg-true  wp-block-button__link wp-block-kadence-singlebtn\" href=\"https:\/\/avenir-formation.fr\/accueil\/qui-sommes-nous\/\"><span class=\"kt-btn-inner-text\">Retour<\/span><span class=\"kb-svg-icon-wrap kb-svg-icon-fe_cornerRightUp kt-btn-icon-side-right\"><svg viewBox=\"0 0 24 24\"  fill=\"none\" stroke=\"currentColor\" stroke-width=\"2\" stroke-linecap=\"round\" stroke-linejoin=\"round\" xmlns=\"http:\/\/www.w3.org\/2000\/svg\"  aria-hidden=\"true\"><polyline points=\"10 9 15 4 20 9\"\/><path d=\"M4 20h7a4 4 0 0 0 4-4V4\"\/><\/svg><\/span><\/a><\/div>\n","protected":false},"excerpt":{"rendered":"<p>Une \u00e9quipe permanente pour vous accompagner Des moyens mat\u00e9riels d\u00e9di\u00e9s aux actions de formation<\/p>\n","protected":false},"author":1,"featured_media":0,"parent":0,"menu_order":0,"comment_status":"closed","ping_status":"closed","template":"","meta":{"_kad_post_transparent":"","_kad_post_title":"","_kad_post_layout":"","_kad_post_sidebar_id":"","_kad_post_content_style":"","_kad_post_vertical_padding":"","_kad_post_feature":"","_kad_post_feature_position":"","_kad_post_header":false,"_kad_post_footer":false,"_kad_post_classname":"","slim_seo":{"description":"Une \u00e9quipe permanente pour vous accompagner Des moyens mat\u00e9riels d\u00e9di\u00e9s aux actions de formation","noindex":"1","title":"Nos ressources - Avenir &quot;former pour devenir&quot;"},"footnotes":""},"class_list":["post-228","page","type-page","status-publish","hentry"],"_links":{"self":[{"href":"https:\/\/avenir-formation.fr\/accueil\/wp-json\/wp\/v2\/pages\/228","targetHints":{"allow":["GET"]}}],"collection":[{"href":"https:\/\/avenir-formation.fr\/accueil\/wp-json\/wp\/v2\/pages"}],"about":[{"href":"https:\/\/avenir-formation.fr\/accueil\/wp-json\/wp\/v2\/types\/page"}],"author":[{"embeddable":true,"href":"https:\/\/avenir-formation.fr\/accueil\/wp-json\/wp\/v2\/users\/1"}],"replies":[{"embeddable":true,"href":"https:\/\/avenir-formation.fr\/accueil\/wp-json\/wp\/v2\/comments?post=228"}],"version-history":[{"count":11,"href":"https:\/\/avenir-formation.fr\/accueil\/wp-json\/wp\/v2\/pages\/228\/revisions"}],"predecessor-version":[{"id":963,"href":"https:\/\/avenir-formation.fr\/accueil\/wp-json\/wp\/v2\/pages\/228\/revisions\/963"}],"wp:attachment":[{"href":"https:\/\/avenir-formation.fr\/accueil\/wp-json\/wp\/v2\/media?parent=228"}],"curies":[{"name":"wp","href":"https:\/\/api.w.org\/{rel}","templated":true}]}}