{"id":17,"date":"2022-02-17T22:04:59","date_gmt":"2022-02-17T21:04:59","guid":{"rendered":"https:\/\/avenir-formation.fr\/?page_id=17"},"modified":"2024-09-13T16:00:47","modified_gmt":"2024-09-13T14:00:47","slug":"mentions-legales","status":"publish","type":"page","link":"https:\/\/avenir-formation.fr\/accueil\/mentions-legales\/","title":{"rendered":"Mentions l\u00e9gales"},"content":{"rendered":"\n<p><strong>Propri\u00e9taire du site<\/strong>&nbsp;: Association loi 1901 AVENIR \u00ab&nbsp;former pour devenir \u00bb<\/p>\n\n\n\n<p>Pr\u00e9sident&nbsp;: Rodolphe Pelletier<\/p>\n\n\n\n<p>Directeur g\u00e9n\u00e9ral&nbsp;: Laurent Auger<\/p>\n\n\n\n<p>Responsable de la r\u00e9daction&nbsp;: Pascale Seux<\/p>\n\n\n\n<p>Groupe Cursus 320 Avenue du Du\u00e9 76320 Saint-Pierre-l\u00e8s-Elbeuf<\/p>\n\n\n\n<p>T\u00e9l. 02 32 96 44 10 \u2022 Courriel : <a href=\"mailto:contact@avenir-normandie.fr\" target=\"_blank\" rel=\"noreferrer noopener\">contact@avenir-normandie.fr<\/a><\/p>\n\n\n\n<p>Siret : 817 442 593 000 23 \u2013 APE : 8559A<\/p>\n\n\n\n<p>Enregistr\u00e9e sous le N\u00b0 23 76 05375 76 aupr\u00e8s de la pr\u00e9fecture de la r\u00e9gion Normandie.              <em>Cet enregistrement ne vaut pas agr\u00e9ment de l\u2019\u00c9tat<\/em>.<\/p>\n\n\n\n<p><strong>H\u00e9bergeur<\/strong>&nbsp;: Hostinger&nbsp;International Ltd., address 61&nbsp;Lordou&nbsp;Vironos&nbsp;str., 6023&nbsp;Larnaca, Cyprus<\/p>\n\n\n\n<p><a href=\"https:\/\/hpanel.hostinger.com\/\">https:\/\/hpanel.hostinger.com\/<\/a><\/p>\n","protected":false},"excerpt":{"rendered":"<p>Propri\u00e9taire du site&nbsp;: Association loi 1901 AVENIR \u00ab&nbsp;former pour devenir \u00bb Pr\u00e9sident&nbsp;: Rodolphe Pelletier Directeur g\u00e9n\u00e9ral&nbsp;: Laurent Auger Responsable de la r\u00e9daction&nbsp;: Pascale Seux Groupe Cursus 320 Avenue du Du\u00e9 76320 Saint-Pierre-l\u00e8s-Elbeuf T\u00e9l. 02 32 96 44 10 \u2022 Courriel : contact@avenir-normandie.fr Siret : 817 442 593 000 23 \u2013 APE : 8559A Enregistr\u00e9e sous&#8230;<\/p>\n","protected":false},"author":1,"featured_media":0,"parent":0,"menu_order":0,"comment_status":"closed","ping_status":"closed","template":"","meta":{"_kad_post_transparent":"","_kad_post_title":"","_kad_post_layout":"narrow","_kad_post_sidebar_id":"","_kad_post_content_style":"boxed","_kad_post_vertical_padding":"show","_kad_post_feature":"show","_kad_post_feature_position":"","_kad_post_header":false,"_kad_post_footer":false,"_kad_post_classname":"","slim_seo":{"noindex":"1","title":"Mentions l\u00e9gales - Avenir &quot;former pour devenir&quot;","description":"Propri\u00e9taire du site &nbsp;: Association loi 1901 AVENIR \u00ab&nbsp;former pour devenir \u00bb Pr\u00e9sident&nbsp;: Rodolphe Pelletier Directeur g\u00e9n\u00e9ral&nbsp;: Laurent Auger"},"footnotes":""},"class_list":["post-17","page","type-page","status-publish","hentry"],"_links":{"self":[{"href":"https:\/\/avenir-formation.fr\/accueil\/wp-json\/wp\/v2\/pages\/17","targetHints":{"allow":["GET"]}}],"collection":[{"href":"https:\/\/avenir-formation.fr\/accueil\/wp-json\/wp\/v2\/pages"}],"about":[{"href":"https:\/\/avenir-formation.fr\/accueil\/wp-json\/wp\/v2\/types\/page"}],"author":[{"embeddable":true,"href":"https:\/\/avenir-formation.fr\/accueil\/wp-json\/wp\/v2\/users\/1"}],"replies":[{"embeddable":true,"href":"https:\/\/avenir-formation.fr\/accueil\/wp-json\/wp\/v2\/comments?post=17"}],"version-history":[{"count":7,"href":"https:\/\/avenir-formation.fr\/accueil\/wp-json\/wp\/v2\/pages\/17\/revisions"}],"predecessor-version":[{"id":761,"href":"https:\/\/avenir-formation.fr\/accueil\/wp-json\/wp\/v2\/pages\/17\/revisions\/761"}],"wp:attachment":[{"href":"https:\/\/avenir-formation.fr\/accueil\/wp-json\/wp\/v2\/media?parent=17"}],"curies":[{"name":"wp","href":"https:\/\/api.w.org\/{rel}","templated":true}]}}