{"id":14,"date":"2022-02-17T22:01:19","date_gmt":"2022-02-17T21:01:19","guid":{"rendered":"https:\/\/avenir-formation.fr\/?page_id=14"},"modified":"2024-09-13T16:04:19","modified_gmt":"2024-09-13T14:04:19","slug":"contact","status":"publish","type":"page","link":"https:\/\/avenir-formation.fr\/accueil\/contact\/","title":{"rendered":"Nous contacter"},"content":{"rendered":"\n<div class=\"wp-block-group\"><div class=\"wp-block-group__inner-container is-layout-flow wp-block-group-is-layout-flow\"><\/div><\/div>\n\n\n<style>.kb-row-layout-id14_8ee180-4a > .kt-row-column-wrap{align-content:start;}:where(.kb-row-layout-id14_8ee180-4a > .kt-row-column-wrap) > .wp-block-kadence-column{justify-content:start;}.kb-row-layout-id14_8ee180-4a > .kt-row-column-wrap{column-gap:var(--global-kb-gap-md, 2rem);row-gap:var(--global-kb-gap-md, 2rem);padding-top:var(--global-kb-spacing-sm, 1.5rem);padding-bottom:var(--global-kb-spacing-sm, 1.5rem);grid-template-columns:repeat(2, minmax(0, 1fr));}.kb-row-layout-id14_8ee180-4a > .kt-row-layout-overlay{opacity:0.30;}.kb-row-layout-id14_8ee180-4a .kt-row-layout-bottom-sep{height:100px;}.kb-row-layout-id14_8ee180-4a .kt-row-layout-bottom-sep svg{width:100%;}.kb-row-layout-id14_8ee180-4a .kt-row-layout-bottom-sep svg{fill:#ffffff!important;}@media all and (max-width: 1024px){.kb-row-layout-id14_8ee180-4a > .kt-row-column-wrap{grid-template-columns:repeat(2, minmax(0, 1fr));}}@media all and (max-width: 1024px){.kb-row-layout-id14_8ee180-4a .kt-row-layout-bottom-sep{height:px;}}@media all and (max-width: 1024px){.kb-row-layout-id14_8ee180-4a .kt-row-layout-bottom-sep svg{width:%;}}@media all and (max-width: 767px){.kb-row-layout-id14_8ee180-4a > .kt-row-column-wrap{grid-template-columns:minmax(0, 1fr);}.kb-row-layout-id14_8ee180-4a .kt-row-layout-bottom-sep{height:px;}.kb-row-layout-id14_8ee180-4a .kt-row-layout-bottom-sep svg{width:%;}}<\/style><div class=\"kb-row-layout-wrap kb-row-layout-id14_8ee180-4a alignnone wp-block-kadence-rowlayout\"><div class=\"kt-row-column-wrap kt-has-2-columns kt-row-layout-equal kt-tab-layout-inherit kt-mobile-layout-row kt-row-valign-top\">\n<style>.kadence-column14_b91d46-8c > .kt-inside-inner-col{padding-top:0px;padding-bottom:0px;}.kadence-column14_b91d46-8c > .kt-inside-inner-col,.kadence-column14_b91d46-8c > .kt-inside-inner-col:before{border-top-left-radius:0px;border-top-right-radius:0px;border-bottom-right-radius:0px;border-bottom-left-radius:0px;}.kadence-column14_b91d46-8c > .kt-inside-inner-col{column-gap:var(--global-kb-gap-sm, 1rem);}.kadence-column14_b91d46-8c > .kt-inside-inner-col{flex-direction:column;}.kadence-column14_b91d46-8c > .kt-inside-inner-col > .aligncenter{width:100%;}.kadence-column14_b91d46-8c > .kt-inside-inner-col:before{opacity:0.3;}.kadence-column14_b91d46-8c{text-align:left;}.kadence-column14_b91d46-8c{position:relative;}.kadence-column14_b91d46-8c, .kt-inside-inner-col > .kadence-column14_b91d46-8c:not(.specificity){margin-top:0px;margin-bottom:0px;}@media all and (max-width: 1024px){.kadence-column14_b91d46-8c > .kt-inside-inner-col{flex-direction:column;justify-content:center;}}@media all and (max-width: 767px){.kadence-column14_b91d46-8c > .kt-inside-inner-col{flex-direction:column;justify-content:center;}}<\/style>\n<div class=\"wp-block-kadence-column kadence-column14_b91d46-8c kb-section-dir-vertical inner-column-1\"><div class=\"kt-inside-inner-col\"><style>.wp-block-kadence-form.kadence-form-14_4d3f4b-4f.kb-form-wrap{margin-top:0px;margin-bottom:0px;}.kadence-form-14_4d3f4b-4f .kadence-blocks-form-message, .kadence-form-14_4d3f4b-4f .kb-form-error-msg{font-size:62px;line-height:60px;letter-spacing:3.6px;font-weight:inherit;padding-top:0px;padding-right:0px;padding-bottom:0px;padding-left:0px;margin-top:0px;margin-right:0px;margin-bottom:0px;margin-left:0px;}.kb-form input.kadence-blocks-field.verify{opacity:0.0;position:absolute;top:0.0;left:0.0;width:0.0;height:0.0;z-index:-1;}<\/style>\n<div class=\"wp-block-kadence-form kadence-form-14_4d3f4b-4f kb-form-wrap\"><form class=\"kb-form\" action=\"\" method=\"post\" data-error-message=\"Merci de v\u00e9rifier votre formulaire.\"><div class=\"kadence-blocks-form-field kb-field-desk-width-100 kb-input-size-standard\"><label for=\"kb_field_14_4d3f4b-4f_0\">Nom<span class=\"required\">*<\/span><\/label><input name=\"kb_field_0\" id=\"kb_field_14_4d3f4b-4f_0\" data-label=\"Nom\" type=\"text\" placeholder=\"\" value=\"\" data-type=\"text\" class=\"kb-field kb-text-style-field kb-text-field kb-field-0\" data-required=\"yes\" data-required-message=\"Nous avons besoin de votre nom pour vous r\u00e9pondre.\"\/><\/div><div class=\"kadence-blocks-form-field kb-form-field-1 kb-field-desk-width-100 kb-input-size-standard\"><label for=\"kb_field_14_4d3f4b-4f_1\">Email<span class=\"required\">*<\/span><\/label><input name=\"kb_field_1\" id=\"kb_field_14_4d3f4b-4f_1\" data-label=\"Email\" type=\"email\" placeholder=\"\" value=\"\" data-type=\"email\" class=\"kb-field kb-text-style-field kb-email-field kb-field-1\" autocomplete=\"email\" data-required=\"yes\" data-required-message=\"Nous avons besoin de votre adresse email pour vous r\u00e9pondre.\" data-validation-message=\"Cette adresse email n'est pas valide.\"\/><\/div><div class=\"kadence-blocks-form-field kb-form-field-2 kb-field-desk-width-100 kb-input-size-standard\"><label for=\"kb_field_14_4d3f4b-4f_2\">Num\u00e9ro de t\u00e9l\u00e9phone<\/label><input name=\"kb_field_2\" id=\"kb_field_14_4d3f4b-4f_2\" data-label=\"Num\u00e9ro de t\u00e9l\u00e9phone\" type=\"tel\" placeholder=\"\" value=\"\" data-type=\"tel\" class=\"kb-field kb-text-style-field kb-tel-field kb-field-2\" autocomplete=\"tel\" data-validation-message=\"Ce num\u00e9ro de t\u00e9l\u00e9phone n'est pas valide.\"\/><\/div><div class=\"kadence-blocks-form-field kb-form-field-3 kb-field-desk-width-100 kb-input-size-standard\"><label for=\"kb_field_14_4d3f4b-4f_3\">Message<span class=\"required\">*<\/span><\/label><textarea name=\"kb_field_3\" id=\"kb_field_14_4d3f4b-4f_3\" data-label=\"Message\" type=\"textarea\" placeholder=\"\" data-type=\"textarea\" class=\"kb-field kb-text-style-field kb-textarea-field kb-field-3\" rows=\"6\" data-required=\"yes\" data-required-message=\"Merci de nous indiquer le motif de votre demande.\"><\/textarea><\/div><div class=\"kadence-blocks-form-field kb-form-field-4 kb-field-desk-width-100 kb-input-size-standard kb-accept-form-field\"><input type=\"checkbox\" name=\"kb_field_4\" id=\"kb_field_14_4d3f4b-4f_4\" class=\"kb-field kb-checkbox-style kb-accept\" value=\"accept\" data-type=\"accept\" data-required=\"yes\" data-required-message=\"Merci de cocher cette case.\"\/><label for=\"kb_field_14_4d3f4b-4f_4\">En cochant cette case, vous acceptez d&rsquo;\u00eatre recontact\u00e9.<span class=\"required\">*<\/span><\/label><\/div><input type=\"hidden\" name=\"_kb_form_id\" value=\"14_4d3f4b-4f\"\/><input type=\"hidden\" name=\"_kb_form_post_id\" value=\"14\"\/><input type=\"hidden\" name=\"action\" value=\"kb_process_ajax_submit\"\/><label class=\"kadence-verify-label\">Email<input class=\"kadence-blocks-field verify\" type=\"text\" name=\"_kb_verify_email\" autocomplete=\"new-password\" aria-hidden=\"true\" placeholder=\"Email\" tabindex=\"-1\" data-1p-ignore=\"true\" data-lpignore=\"true\" \/><\/label><div class=\"kadence-blocks-form-field kb-submit-field kb-field-desk-width-100\"><button class=\"kb-forms-submit button kb-button-size-standard kb-button-width-auto\">Envoyer<\/button><\/div><\/form><\/div>\n<noscript><div class=\"kadence-blocks-form-message kadence-blocks-form-warning\">Veuillez activer JavaScript dans votre navigateur pour envoyer le formulaire.<\/div><style>.kadence-form-14_4d3f4b-4f .kadence-blocks-form-field.kb-submit-field { display: none; }<\/style><\/noscript><\/div><\/div>\n\n\n<style>.kadence-column14_8d06f4-6b > .kt-inside-inner-col,.kadence-column14_8d06f4-6b > .kt-inside-inner-col:before{border-top-left-radius:0px;border-top-right-radius:0px;border-bottom-right-radius:0px;border-bottom-left-radius:0px;}.kadence-column14_8d06f4-6b > .kt-inside-inner-col{column-gap:var(--global-kb-gap-sm, 1rem);}.kadence-column14_8d06f4-6b > .kt-inside-inner-col{flex-direction:column;}.kadence-column14_8d06f4-6b > .kt-inside-inner-col > .aligncenter{width:100%;}.kadence-column14_8d06f4-6b > .kt-inside-inner-col:before{opacity:0.3;}.kadence-column14_8d06f4-6b{position:relative;}@media all and (max-width: 1024px){.kadence-column14_8d06f4-6b > .kt-inside-inner-col{flex-direction:column;justify-content:center;}}@media all and (max-width: 767px){.kadence-column14_8d06f4-6b > .kt-inside-inner-col{flex-direction:column;justify-content:center;}}<\/style>\n<div class=\"wp-block-kadence-column kadence-column14_8d06f4-6b inner-column-2\"><div class=\"kt-inside-inner-col\">\n<p><\/p>\n\n\n\n<p class=\"has-text-align-center has-theme-palette-2-color has-text-color\"><strong>Association Avenir \u00ab\u00a0Former pour devenir\u00a0\u00bb<\/strong><\/p>\n\n\n\n<p class=\"has-text-align-center\"><em>320, Avenue du Du\u00e9 &#8211; 76320 Saint-Pierre-l\u00e8s-Elbeuf<\/em><\/p>\n\n\n\n<p class=\"has-text-align-center\">T\u00e9l : 02 32 96 44 10<\/p>\n\n\n\n<p class=\"has-text-align-center\">Courriel : contact@avenir-normandie.fr  <\/p>\n\n\n\n<p class=\"has-text-align-center\">Siret : 817&nbsp;442&nbsp;593 00023<\/p>\n\n\n\n<p class=\"has-text-align-center\">Enregistr\u00e9e sous le n\u00b023 76 05375 76. Cet enregistrement ne vaut pas agr\u00e9ment de l&rsquo;Etat<\/p>\n<\/div><\/div>\n\n<\/div><\/div>","protected":false},"excerpt":{"rendered":"<p>Association Avenir \u00ab\u00a0Former pour devenir\u00a0\u00bb 320, Avenue du Du\u00e9 &#8211; 76320 Saint-Pierre-l\u00e8s-Elbeuf T\u00e9l : 02 32 96 44 10 Courriel : contact@avenir-normandie.fr Siret : 817&nbsp;442&nbsp;593 00023 Enregistr\u00e9e sous le n\u00b023 76 05375 76. Cet enregistrement ne vaut pas agr\u00e9ment de l&rsquo;Etat<\/p>\n","protected":false},"author":1,"featured_media":0,"parent":0,"menu_order":0,"comment_status":"closed","ping_status":"closed","template":"","meta":{"_kad_post_transparent":"","_kad_post_title":"","_kad_post_layout":"normal","_kad_post_sidebar_id":"","_kad_post_content_style":"boxed","_kad_post_vertical_padding":"default","_kad_post_feature":"","_kad_post_feature_position":"","_kad_post_header":false,"_kad_post_footer":false,"_kad_post_classname":"","slim_seo":{"description":"Association Avenir \"Former pour devenir\" 320, Avenue du Du\u00e9 76320 Saint-Pierre-l\u00e8s-Elbeuf","title":"Nous contacter - Avenir &quot;former pour devenir&quot;"},"footnotes":""},"class_list":["post-14","page","type-page","status-publish","hentry"],"_links":{"self":[{"href":"https:\/\/avenir-formation.fr\/accueil\/wp-json\/wp\/v2\/pages\/14","targetHints":{"allow":["GET"]}}],"collection":[{"href":"https:\/\/avenir-formation.fr\/accueil\/wp-json\/wp\/v2\/pages"}],"about":[{"href":"https:\/\/avenir-formation.fr\/accueil\/wp-json\/wp\/v2\/types\/page"}],"author":[{"embeddable":true,"href":"https:\/\/avenir-formation.fr\/accueil\/wp-json\/wp\/v2\/users\/1"}],"replies":[{"embeddable":true,"href":"https:\/\/avenir-formation.fr\/accueil\/wp-json\/wp\/v2\/comments?post=14"}],"version-history":[{"count":22,"href":"https:\/\/avenir-formation.fr\/accueil\/wp-json\/wp\/v2\/pages\/14\/revisions"}],"predecessor-version":[{"id":911,"href":"https:\/\/avenir-formation.fr\/accueil\/wp-json\/wp\/v2\/pages\/14\/revisions\/911"}],"wp:attachment":[{"href":"https:\/\/avenir-formation.fr\/accueil\/wp-json\/wp\/v2\/media?parent=14"}],"curies":[{"name":"wp","href":"https:\/\/api.w.org\/{rel}","templated":true}]}}